{"id":87,"date":"2016-01-24T19:01:26","date_gmt":"2016-01-24T19:01:26","guid":{"rendered":"http:\/\/aldifrio.com\/?page_id=87"},"modified":"2020-08-25T15:26:26","modified_gmt":"2020-08-25T15:26:26","slug":"contactosparceiros","status":"publish","type":"page","link":"https:\/\/aldifrio.com\/contactosparceiros\/","title":{"rendered":"EMPRESA | Contactos dos parceiros"},"content":{"rendered":"<p>&nbsp;<\/p>\n<p><a href=\"https:\/\/aldifrio.com\/wp-content\/uploads\/2016\/12\/LogoZerofrio.png\"><img decoding=\"async\" class=\"alignnone wp-image-643 size-medium\" src=\"https:\/\/aldifrio.com\/wp-content\/uploads\/2016\/12\/LogoZerofrio-300x80.png\" alt=\"\" width=\"300\" height=\"80\" srcset=\"https:\/\/aldifrio.com\/wp-content\/uploads\/2016\/12\/LogoZerofrio-300x80.png 300w, https:\/\/aldifrio.com\/wp-content\/uploads\/2016\/12\/LogoZerofrio-768x204.png 768w, https:\/\/aldifrio.com\/wp-content\/uploads\/2016\/12\/LogoZerofrio.png 943w\" sizes=\"(max-width: 300px) 100vw, 300px\" \/><\/a><\/p>\n<p>Hor\u00e1rio de\u00a0<strong>segunda<\/strong>\u00a0a\u00a0<strong>sexta<\/strong>\u00a0das\u00a0<strong>9:00<\/strong>\u00a0\u00e1s\u00a0<strong>12:30<\/strong>\u00a0e das\u00a0<strong>14:00<\/strong>\u00a0\u00e1s\u00a0<strong>18:00<\/strong><\/p>\n<p><a href=\"https:\/\/aldifrio.com\/wp-content\/uploads\/2016\/01\/Alverca_low.jpg\"><img fetchpriority=\"high\" decoding=\"async\" class=\"wp-image-1243 size-medium alignleft\" src=\"https:\/\/aldifrio.com\/wp-content\/uploads\/2016\/01\/Alverca_low-300x200.jpg\" alt=\"\" width=\"300\" height=\"200\" srcset=\"https:\/\/aldifrio.com\/wp-content\/uploads\/2016\/01\/Alverca_low-300x200.jpg 300w, https:\/\/aldifrio.com\/wp-content\/uploads\/2016\/01\/Alverca_low-768x511.jpg 768w, https:\/\/aldifrio.com\/wp-content\/uploads\/2016\/01\/Alverca_low-1024x681.jpg 1024w, https:\/\/aldifrio.com\/wp-content\/uploads\/2016\/01\/Alverca_low.jpg 1203w\" sizes=\"(max-width: 300px) 100vw, 300px\" \/><\/a><\/p>\n<h4><span style=\"color: #f47121;\"><strong>ALVERCA (sede)<\/strong><br \/>\n<\/span><\/h4>\n<p>Casal da V\u00e1rzea &#8211; Estrada da Arruda<br \/>\n2615-204 Alverca<br \/>\ntel\u00a0<strong>219 589 200<\/strong><br \/>\nfax\u00a0<strong>219 589 209<\/strong><br \/>\ne-mail\u00a0<strong><a href=\"mailto:zerofrio@mail.telepac.pt\">zerofrio@mail.telepac.pt<\/a><br \/>\n<\/strong>GPS:<strong> <a href=\"https:\/\/www.google.pt\/maps\/place\/Aldifrio\/@38.9114432,-9.0369487,19.17z\/data=!4m8!1m2!2m1!1zMzjCsDU0LjY4MicgTiA5wrAwMuKAmTEzNScgVw!3m4!1s0x0:0x574e01a73aa8fd33!8m2!3d38.9115027!4d-9.0363877\" target=\"_blank\" rel=\"noopener noreferrer\">38\u00b054&#8217;41.1\u201dN 9\u00b002\u201910.6\u201dW<\/a><br \/>\n<\/strong><a href=\"http:\/\/aldifrio.com\/index.php\/mapalocalizacaonossaslojas\/\">ir para\u00a0mapa de localiza\u00e7\u00e3o de todas as lojas<\/a><\/p>\n<p>&nbsp;<\/p>\n<p>&nbsp;<\/p>\n<h4><strong><span style=\"color: #ff6600;\"><a href=\"https:\/\/aldifrio.com\/wp-content\/uploads\/2016\/01\/Coimbra_low.jpg\"><img decoding=\"async\" class=\"wp-image-1309 size-medium alignleft\" src=\"https:\/\/aldifrio.com\/wp-content\/uploads\/2016\/01\/Coimbra_low-300x200.jpg\" alt=\"\" width=\"300\" height=\"200\" srcset=\"https:\/\/aldifrio.com\/wp-content\/uploads\/2016\/01\/Coimbra_low-300x200.jpg 300w, https:\/\/aldifrio.com\/wp-content\/uploads\/2016\/01\/Coimbra_low-768x511.jpg 768w, https:\/\/aldifrio.com\/wp-content\/uploads\/2016\/01\/Coimbra_low-1024x681.jpg 1024w, https:\/\/aldifrio.com\/wp-content\/uploads\/2016\/01\/Coimbra_low.jpg 1203w\" sizes=\"(max-width: 300px) 100vw, 300px\" \/><\/a>COIMBRA (filial)<\/span><\/strong><\/h4>\n<p>Estrada de Eiras<br \/>\n(\u00c0 Carreira de Tiro, Armaz\u00e9m 5)<br \/>\n3020-265 Coimbra<br \/>\ntel <strong>239 495 022<\/strong><br \/>\nfax <strong>239 495 117<\/strong><br \/>\ne-mail <strong><a href=\"mailto:zerofrio.coimbra@mail.telepac.pt\">zerofrio.coimbra@mail.telepac.pt<\/a><br \/>\n<\/strong>GPS: <a href=\"https:\/\/www.google.pt\/maps\/place\/Zerofrio\/@40.2383114,-8.4375594,17z\/data=!3m1!4b1!4m5!3m4!1s0xd22f93fc5ba48f1:0xc032fd2645396766!8m2!3d40.2383073!4d-8.4353654\" target=\"_blank\" rel=\"noopener noreferrer\"><strong>40\u00b014\u201917.4\u2019\u2019N 8\u00b026\u201907.5\u2019\u2019W<\/strong><\/a><br \/>\n<a href=\"http:\/\/aldifrio.com\/index.php\/mapalocalizacaonossaslojas\/\">ir para\u00a0mapa de localiza\u00e7\u00e3o de todas as lojas<\/a><\/p>\n<p>&nbsp;<\/p>\n<p>&nbsp;<\/p>\n<p>A sua opini\u00e3o \u00e9 essencial para continuarmos a merecer a sua confian\u00e7a. Por favor, envie-nos as suas sugest\u00f5es ou oportunidades de melhoria para <a href=\"mailto:aldifrio.qualidade@mail.telepac.pt\"><strong>aldifrio.qualidade@mail.telepac.pt<\/strong><\/a>.<\/p>\n<p>&nbsp;<\/p>\n","protected":false},"excerpt":{"rendered":"<p>&nbsp; Hor\u00e1rio de\u00a0segunda\u00a0a\u00a0sexta\u00a0das\u00a09:00\u00a0\u00e1s\u00a012:30\u00a0e das\u00a014:00\u00a0\u00e1s\u00a018:00 ALVERCA (sede) Casal da V\u00e1rzea &#8211; Estrada da Arruda 2615-204 Alverca tel\u00a0219 589 200 fax\u00a0219 589 209 e-mail\u00a0zerofrio@mail.telepac.pt GPS: 38\u00b054&#8217;41.1\u201dN 9\u00b002\u201910.6\u201dW ir para\u00a0mapa de localiza\u00e7\u00e3o de todas as lojas &nbsp; &nbsp; COIMBRA (filial) Estrada de Eiras<\/p>\n","protected":false},"author":3,"featured_media":0,"parent":0,"menu_order":0,"comment_status":"closed","ping_status":"closed","template":"","meta":{"om_disable_all_campaigns":false,"_monsterinsights_skip_tracking":false,"_monsterinsights_sitenote_active":false,"_monsterinsights_sitenote_note":"","_monsterinsights_sitenote_category":0,"footnotes":""},"class_list":["post-87","page","type-page","status-publish","hentry"],"aioseo_notices":[],"_links":{"self":[{"href":"https:\/\/aldifrio.com\/wp-json\/wp\/v2\/pages\/87","targetHints":{"allow":["GET"]}}],"collection":[{"href":"https:\/\/aldifrio.com\/wp-json\/wp\/v2\/pages"}],"about":[{"href":"https:\/\/aldifrio.com\/wp-json\/wp\/v2\/types\/page"}],"author":[{"embeddable":true,"href":"https:\/\/aldifrio.com\/wp-json\/wp\/v2\/users\/3"}],"replies":[{"embeddable":true,"href":"https:\/\/aldifrio.com\/wp-json\/wp\/v2\/comments?post=87"}],"version-history":[{"count":15,"href":"https:\/\/aldifrio.com\/wp-json\/wp\/v2\/pages\/87\/revisions"}],"predecessor-version":[{"id":4218,"href":"https:\/\/aldifrio.com\/wp-json\/wp\/v2\/pages\/87\/revisions\/4218"}],"wp:attachment":[{"href":"https:\/\/aldifrio.com\/wp-json\/wp\/v2\/media?parent=87"}],"curies":[{"name":"wp","href":"https:\/\/api.w.org\/{rel}","templated":true}]}}